{"id":49,"date":"2025-08-14T08:46:37","date_gmt":"2025-08-14T08:46:37","guid":{"rendered":"https:\/\/elemik.pl\/?page_id=49"},"modified":"2026-04-04T07:55:36","modified_gmt":"2026-04-04T07:55:36","slug":"kontakt","status":"publish","type":"page","link":"https:\/\/elemik.pl\/?page_id=49","title":{"rendered":"Contact"},"content":{"rendered":"\n<link rel=\"stylesheet\" href=\"https:\/\/elemik.pl\/wp-content\/uploads\/custom-css-js\/228.css\">\n<section class=\"elemik-contact\">\n  <div class=\"elemik-wrap\">\n    <h1 class=\"elemik-title\">Contact<\/h1>\n    <p class=\"elemik-lead\">Write or call \u2014 we will respond as quickly as possible.<\/p>\n\n    <div class=\"elemik-grid\">\n      <!-- Left: Contact + company data (stacked) -->\n      <article class=\"elemik-card\">\n        <div class=\"elemik-inner\">\n          <h2 class=\"elemik-h2\">Contact Details<\/h2>\n\n          <ul class=\"elemik-list\">\n            <li class=\"elemik-item\">\n              <small>Contact Person<\/small>\n              <div>Dariusz Chaszczewicz<\/div>\n            <\/li>\n            <li class=\"elemik-item\">\n              <small>Phone<\/small>\n              <div><a href=\"tel:+48604605800\">604 605 800<\/a><\/div>\n            <\/li>\n            <li class=\"elemik-item\">\n              <small>Email<\/small>\n              <div><a href=\"mailto:zegary@elemik.eu\">zegary@elemik.eu<\/a><\/div>\n            <\/li>\n          <\/ul>\n\n          <div class=\"elemik-divider\"><\/div>\n\n          <h2 class=\"elemik-h2\">Company Details<\/h2>\n          <ul class=\"elemik-list\">\n            <li class=\"elemik-item\">\n              <small>Company Name<\/small>\n              <div>ELEMIK Dariusz Chaszczewicz<\/div>\n            <\/li>\n            <li class=\"elemik-item\">\n              <small>Address<\/small>\n              <div>ul. Obro\u0144c\u00f3w Poczty Gda\u0144skiej, 52-204 Wroc\u0142aw<\/div>\n            <\/li>\n            <li class=\"elemik-item\">\n              <small>Tax ID \/ REGON<\/small>\n              <div>PL8991017080 \/ 930696042<\/div>\n            <\/li>\n          <\/ul>\n\n          <div class=\"elemik-divider\"><\/div>\n\n          <h2 class=\"elemik-h2\">Production Facility<\/h2>\n          <ul class=\"elemik-list\">\n            <li class=\"elemik-item\">\n              <small>Name<\/small>\n              <div>ELEMIK Radwanice<\/div>\n            <\/li>\n            <li class=\"elemik-item\">\n              <small>Address<\/small>\n              <div>3 Grafitowa Street, 55-010 Radwanice<\/div>\n            <\/li>\n          <\/ul>\n        <\/div>\n      <\/article>\n\n      <!-- Right: Map -->\n      <article class=\"elemik-card\">\n        <div class=\"elemik-inner\">\n          <h2 class=\"elemik-h2\">Map<\/h2>\n          <p class=\"elemik-lead\" style=\"margin:0;\">Click on the map to get directions.<\/p>\n        <\/div>\n        <div class=\"elemik-map\">\n          <iframe\n            src=\"https:\/\/www.google.com\/maps\/embed?pb=!1m14!1m8!1m3!1d5016.951683073184!2d17.125089!3d51.044301!3m2!1i1024!2i768!4f13.1!3m3!1m2!1s0x470fdce57d4a1f0f%3A0x14673c09804a6f8!2sELEMIK!5e0!3m2!1spl!2spl!4v1772135006044!5m2!1spl!2spl\"\n            width=\"600\"\n            height=\"450\"\n            style=\"border:0;\"\n            allowfullscreen=\"\"\n            loading=\"lazy\"\n            referrerpolicy=\"no-referrer-when-downgrade\"\n            title=\"Google Map - ELEMIK\"\n          ><\/iframe>\n        <\/div>\n      <\/article>\n    <\/div>\n  <\/div>\n<\/section>\n\n\n\n<p><\/p>\n","protected":false},"excerpt":{"rendered":"<p>Contact Write or call \u2014 we will respond as quickly as possible. Contact Details Contact Person Dariusz Chaszczewicz Phone 604 [&hellip;]<\/p>\n","protected":false},"author":2,"featured_media":0,"parent":0,"menu_order":0,"comment_status":"closed","ping_status":"closed","template":"","meta":{"site-sidebar-layout":"default","site-content-layout":"","ast-site-content-layout":"","site-content-style":"default","site-sidebar-style":"default","ast-global-header-display":"","ast-banner-title-visibility":"","ast-main-header-display":"","ast-hfb-above-header-display":"","ast-hfb-below-header-display":"","ast-hfb-mobile-header-display":"","site-post-title":"disabled","ast-breadcrumbs-content":"","ast-featured-img":"","footer-sml-layout":"","theme-transparent-header-meta":"","adv-header-id-meta":"","stick-header-meta":"","header-above-stick-meta":"","header-main-stick-meta":"","header-below-stick-meta":"","astra-migrate-meta-layouts":"default","ast-page-background-enabled":"default","ast-page-background-meta":{"desktop":{"background-color":"var(--ast-global-color-5)","background-image":"","background-repeat":"repeat","background-position":"center center","background-size":"auto","background-attachment":"scroll","background-type":"","background-media":"","overlay-type":"","overlay-color":"","overlay-opacity":"","overlay-gradient":""},"tablet":{"background-color":"","background-image":"","background-repeat":"repeat","background-position":"center center","background-size":"auto","background-attachment":"scroll","background-type":"","background-media":"","overlay-type":"","overlay-color":"","overlay-opacity":"","overlay-gradient":""},"mobile":{"background-color":"","background-image":"","background-repeat":"repeat","background-position":"center center","background-size":"auto","background-attachment":"scroll","background-type":"","background-media":"","overlay-type":"","overlay-color":"","overlay-opacity":"","overlay-gradient":""}},"ast-content-background-meta":{"desktop":{"background-color":"var(--ast-global-color-4)","background-image":"","background-repeat":"repeat","background-position":"center center","background-size":"auto","background-attachment":"scroll","background-type":"","background-media":"","overlay-type":"","overlay-color":"","overlay-opacity":"","overlay-gradient":""},"tablet":{"background-color":"var(--ast-global-color-4)","background-image":"","background-repeat":"repeat","background-position":"center center","background-size":"auto","background-attachment":"scroll","background-type":"","background-media":"","overlay-type":"","overlay-color":"","overlay-opacity":"","overlay-gradient":""},"mobile":{"background-color":"var(--ast-global-color-4)","background-image":"","background-repeat":"repeat","background-position":"center center","background-size":"auto","background-attachment":"scroll","background-type":"","background-media":"","overlay-type":"","overlay-color":"","overlay-opacity":"","overlay-gradient":""}},"footnotes":""},"class_list":["post-49","page","type-page","status-publish","hentry"],"_links":{"self":[{"href":"https:\/\/elemik.pl\/index.php?rest_route=\/wp\/v2\/pages\/49","targetHints":{"allow":["GET"]}}],"collection":[{"href":"https:\/\/elemik.pl\/index.php?rest_route=\/wp\/v2\/pages"}],"about":[{"href":"https:\/\/elemik.pl\/index.php?rest_route=\/wp\/v2\/types\/page"}],"author":[{"embeddable":true,"href":"https:\/\/elemik.pl\/index.php?rest_route=\/wp\/v2\/users\/2"}],"replies":[{"embeddable":true,"href":"https:\/\/elemik.pl\/index.php?rest_route=%2Fwp%2Fv2%2Fcomments&post=49"}],"version-history":[{"count":13,"href":"https:\/\/elemik.pl\/index.php?rest_route=\/wp\/v2\/pages\/49\/revisions"}],"predecessor-version":[{"id":571,"href":"https:\/\/elemik.pl\/index.php?rest_route=\/wp\/v2\/pages\/49\/revisions\/571"}],"wp:attachment":[{"href":"https:\/\/elemik.pl\/index.php?rest_route=%2Fwp%2Fv2%2Fmedia&parent=49"}],"curies":[{"name":"wp","href":"https:\/\/api.w.org\/{rel}","templated":true}]}}